{"id":3242,"date":"2020-02-11T09:50:16","date_gmt":"2020-02-11T08:50:16","guid":{"rendered":"https:\/\/gisposidonie.osupytheas.fr\/?page_id=3242"},"modified":"2025-11-24T16:26:28","modified_gmt":"2025-11-24T15:26:28","slug":"une-equipe-de-terrain","status":"publish","type":"page","link":"https:\/\/gisposidonie.osupytheas.fr\/?page_id=3242","title":{"rendered":"L&rsquo;\u00e9quipe"},"content":{"rendered":"\n<p style=\"text-align: justify;\">Le GIS Posidonie est une structure associative dont les membres actifs sont pour la plupart des scientifiques et des gestionnaires de l\u2019environnement m\u00e9diterran\u00e9en. L&rsquo;\u00e9quipe permanente bas\u00e9e \u00e0 Aix-Marseille Universit\u00e9, qui anime le groupement, et l\u2019implication de scientifiques des laboratoires m\u00e9diterran\u00e9ens, permettent au Groupement de r\u00e9aliser les programmes de recherche, les expertises qui lui sont confi\u00e9es et de r\u00e9pondre \u00e0 la demande de la soci\u00e9t\u00e9 civile par des actions de recherche appliqu\u00e9e et de valorisation au quotidien.<\/p>\n<p style=\"text-align: justify;\"><strong>Un Conseil Scientifique et d&rsquo;Administration de 12 membres :<\/strong><\/p>\n<p style=\"text-align: justify;\">T. Changeux, T. Perez, D. Banaru, P. Chevaldonn\u00e9, D. Faget, M. Harmelin-Vivien, C. Lejeusne, D. Nerini,  G. Pergent, C. Labrune, B. Monnier, P. Scemama.<\/p>\n<p style=\"text-align: justify;\"><strong><a href=\"https:\/\/gisposidonie.osupytheas.fr\/wp-content\/uploads\/2024\/01\/phpdyd2DV-e1704793020676.jpg\" class=\"fbx-instance fbx-link\"><img loading=\"lazy\" decoding=\"async\" class=\"alignleft size-full wp-image-1380\" src=\"https:\/\/gisposidonie.osupytheas.fr\/wp-content\/uploads\/2024\/01\/phpdyd2DV-e1704793020676.jpg\" alt=\"Charles_Fran\u00e7ois_Boudouresque\" width=\"150\" height=\"107\" \/><\/a>Charles Fran\u00e7ois BOUDOURESQUE : Pr\u00e9sident d&rsquo;Honneur du GIS Posidonie<\/strong><br \/>Professeur \u00e9m\u00e9rite d&rsquo;Ecologie et d&rsquo;Oc\u00e9anographie (Universit\u00e9 d&rsquo;Aix-Marseille II) &#8211; UMR n\u00b07294 Institut M\u00e9diterran\u00e9en d&rsquo;Oc\u00e9anologie &#8211; Aix-Marseille Universit\u00e9.<br \/>Mail : charles.boudouresque@mio.osupytheas.fr.<br \/>Expert International en Ecologie marine et lagunaire.<br \/>Fonctionnement des \u00e9cosyst\u00e8mes et am\u00e9nagement et gestion du littoral.<br \/><\/p>\n\n<div dir=\"ltr\" style=\"text-align: justify;\">\n\n\t<p style=\"text-align: center;\"><a href=\"https:\/\/gisposidonie.osupytheas.fr\/wp-content\/uploads\/2025\/11\/Organigramme_GIS_2025.jpg\"><img loading=\"lazy\" decoding=\"async\" src=\"https:\/\/gisposidonie.osupytheas.fr\/wp-content\/uploads\/2025\/11\/Organigramme_GIS_2025.jpg\" alt=\"\" class=\"wp-image-3790\" width=\"500\" height=\"500\"\/><\/a><\/figure>\n\n<h3><strong>Une \u00e9quipe permanente et un si\u00e8ge administratif :<\/strong><\/h3>\n<p><strong>\u00e0 Marseille (Institut Pyth\u00e9as &#8211; Aix-Marseille Universit\u00e9 &#8211; Institut M\u00e9diterran\u00e9en d\u2019Oc\u00e9anologie, B\u00e2t. IOA, Campus de Luminy, case 901, 13288 Marseille Cedex 09) :<br \/><\/strong><\/p>\n<ul>\n<li>1 charg\u00e9e de recherche (secr\u00e9tariat scientifique et coordination),<\/li>\n<li>3 ing\u00e9nieurs de recherche,<\/li>\n<li>1 ing\u00e9nieur d\u2019\u00e9tudes,<\/li>\n<li>1 comptable,<\/li>\n<\/ul>\n<p>soit 6 permanents, dont 4 plongeurs scientifiques professionnels.<\/p>\n<\/div>\n<hr \/>\n<p><\/p>\n<h4><\/h4>\n<p><img loading=\"lazy\" decoding=\"async\" src=\"https:\/\/gisposidonie.osupytheas.fr\/wp-content\/uploads\/2024\/12\/Photo_Laurence_LeDireach_Mgn.jpg\" alt=\"\" class=\"aligncenter size-full wp-image-1772\" width=\"250\" height=\"250\" \/><\/p>\n<h4 style=\"text-align: center;\"><span style=\"color: #59ba0e;\">Laurence LE DIREACH<\/span><\/h4>\n<h6 style=\"text-align: center;\">Charg\u00e9e de Recherche et d&rsquo;Administration<\/h6>\n<p style=\"text-align: center;\">laurence.ledireach@univ-amu.fr &#8211; Tel : 04 86 09 05 73<\/p>\n<hr \/>\n<p style=\"text-align: justify;\">Docteur en Oc\u00e9anologie. Suivi de l&rsquo;ichtyofaune et de la p\u00eache dans les aires marines prot\u00e9g\u00e9es et en milieu c\u00f4tier, en particulier les larves et juv\u00e9niles (recrutement, ichtyoplancton). Charg\u00e9e de la coordination, de la gestion et de l&rsquo;animation du GIS Posidonie depuis 1991. Plongeuse scientifique.<\/p>\n\n<p><img loading=\"lazy\" decoding=\"async\" src=\"https:\/\/gisposidonie.osupytheas.fr\/wp-content\/uploads\/2023\/01\/noun-accountant-5142424.png\" alt=\"\" class=\"aligncenter size-full wp-image-1772\" width=\"250\" height=\"250\" \/><\/p>\n<h4 style=\"text-align: center;\"><span style=\"color: #59ba0e;\">B\u00e9atrice BOSSUROY<\/span><\/h4>\n<h6 style=\"text-align: center;\"><span>Comptable<\/span><\/h6>\n<p style=\"text-align: center;\">comptabilite@gisposidonie.org &#8211; Tel : 04 86 09 05 78<\/p>\n<hr \/>\n<p style=\"text-align: justify;\"> Charg\u00e9e de la comptabilit\u00e9 du GIS Posidonie depuis 2025, de la tenue des livres, des suivis financiers des actions men\u00e9es par les diff\u00e9rentes antennes et le suivi des r\u00e8glements clients-fournisseurs. Charg\u00e9e \u00e9galement de la correspondance et des envois des publications du GIS Posidonie.<\/p>\n\n<p><img loading=\"lazy\" decoding=\"async\" src=\"https:\/\/gisposidonie.osupytheas.fr\/wp-content\/uploads\/2024\/01\/IMG_20230522_181357-e1704792194521.jpg\" alt=\"\" class=\"aligncenter size-full wp-image-1769\" width=\"250\" height=\"250\" \/><\/p>\n<h4 style=\"text-align: center;\"><span style=\"color: #59ba0e;\">Patrick ASTRUCH<\/span><\/h4>\n<h6 style=\"text-align: center;\">Ing\u00e9nieur de recherche<\/h6>\n<p style=\"text-align: center;\">patrick.astruch@univ-amu.fr &#8211; Tel : 04 86 09 06 63<\/p>\n<hr \/>\n<p style=\"text-align: justify;\">Ing\u00e9nieur de recherche appliqu\u00e9e en \u00e9cologie marine, \u00e9valuation et suivi de la qualit\u00e9 et du fonctionnement des \u00e9cosyst\u00e8mes marins c\u00f4tiers (approche \u00e9cosyst\u00e9mique), inventaires faunistiques et floristiques, \u00e9tudes d\u2019impact environnemental, soutien \u00e0 la gestion, suivi des assemblages de poissons c\u00f4tiers (comptage visuel, p\u00eaches scientifiques standardis\u00e9es, embarquements), des habitats marins, de l\u2019efficacit\u00e9 de la gestion des aires marines prot\u00e9g\u00e9es, conservation et restauration \u00e9cologique (r\u00e9cifs artificiels, nurseries artificielles, herbier de posidonie, etc.), conception, gestion et coordination de projets de recherche appliqu\u00e9e, travail embarqu\u00e9 et en plong\u00e9e sous-marine.<\/p>\n\n<p><img loading=\"lazy\" decoding=\"async\" src=\"https:\/\/gisposidonie.osupytheas.fr\/wp-content\/uploads\/2019\/11\/Thomas_Schohn_tete.jpg\" alt=\"\" class=\"wp-image-2963 aligncenter\" width=\"250\" height=\"250\" \/><\/p>\n<h4 style=\"text-align: center;\"><span style=\"color: #59ba0e;\">Thomas SCHOHN<\/span><\/h4>\n<h6 style=\"text-align: center;\"><span>Ing\u00e9nieur de recherche<\/span><\/h6>\n<p style=\"text-align: center;\">thomas.schohn@univ-amu.fr &#8211; Tel : 04 86 09 05 79<\/p>\n<hr \/>\n<p style=\"text-align: justify;\">Master Biostatistique, sp\u00e9cialit\u00e9 m\u00e9thodes statistiques. Master Ecologie, sp\u00e9cialit\u00e9 Milieu Marin M\u00e9diterran\u00e9en. \u00c9cologie et biologie des \u00e9cosyst\u00e8mes marins m\u00e9diterran\u00e9ens; identifications d&rsquo;esp\u00e8ces marines (benthos); g\u00e9omaticien : SIG (ArcGIS) et gestion de bases de donn\u00e9es (Access). Plongeur scientifique.<\/p>\n\n<p><img loading=\"lazy\" decoding=\"async\" src=\"https:\/\/gisposidonie.osupytheas.fr\/wp-content\/uploads\/2024\/01\/image-e1704792314355.png\" alt=\"\" class=\"wp-image-2959 aligncenter\" width=\"250\" height=\"250\" \/><\/p>\n<h4 style=\"text-align: center;\"><span style=\"color: #59ba0e;\">Bruno BELLONI<\/span><\/h4>\n<h6 style=\"text-align: center;\"><span>Ing\u00e9nieur de recherche<\/span><\/h6>\n<p style=\"text-align: center;\">bruno.belloni@univ-amu.fr &#8211; Tel : 04 86 09 05 76<\/p>\n<hr \/>\n<p style=\"text-align: justify;\">Master en oc\u00e9anographie sp\u00e9cialit\u00e9 biologie et \u00e9cologie marines (Aix-Marseille Universit\u00e9). \u00c9tude des \u00e9cosyst\u00e8mes marins, suivis de l&rsquo;ichtyofaune c\u00f4ti\u00e8re et lagunaire par comptage visuel. Identification et suivi de la flore et de la faune benthique. \u00c9tude des r\u00e9seaux trophiques par analyses isotopiques. Identification du zooplancton. Rendus cartographiques (ArcGis). Webmaster. Communication. Charg\u00e9 de la logistique et de l&rsquo;organisation des missions, en particulier des interventions en plong\u00e9e en scaphandre autonome. Plongeur scientifique.<\/p>\n\n<p><img loading=\"lazy\" decoding=\"async\" src=\"https:\/\/gisposidonie.osupytheas.fr\/wp-content\/uploads\/2024\/12\/Melanie-Cabral.jpg\" alt=\"\" class=\"wp-image-2959 aligncenter\" width=\"250\" height=\"250\" \/><\/p>\n<h4 style=\"text-align: center;\"><span style=\"color: #59ba0e;\">M\u00e9lanie CABRAL<\/span><\/h4>\n<h6 style=\"text-align: center;\"><span>Ing\u00e9nieur d&rsquo;\u00e9tudes<\/span><\/h6>\n<p style=\"text-align: center;\">melanie.cabral@univ-amu.fr &#8211; Tel : 04 86 09 06 62<\/p>\n<hr \/>\n<p style=\"text-align: justify;\">Master en gestion de l&rsquo;environnement sp\u00e9cialit\u00e9 gestion des milieux aquatiques, restauration et conservation. \u00c9tude de l&rsquo;\u00e9tat de conservation des \u00e9cosyst\u00e8mes marins. Gestion et animation de projet. Gestion de donn\u00e9es. Rendus cartographiques (ArcGIS). R\u00e9daction de rapports scientifiques. Suivi administratif et budg\u00e9taire de projet (en appui au chef de projet).<\/p>\n\n<hr \/>\n<p style=\"text-align: center;\"><\/p>\n<p style=\"text-align: justify;\">Ces effectifs sont augment\u00e9s \u00e0 l&rsquo;ann\u00e9e par la formation d&rsquo;\u00e9tudiants en Master, l\u2019accueil de stagiaires, de volontaires au titre du service civique, ainsi que de personnels sp\u00e9cialis\u00e9s salari\u00e9s \u00e0 dur\u00e9e d\u00e9termin\u00e9e pour les besoins de programmes particuliers.<\/p>\n<p style=\"text-align: justify;\"><strong>Les chercheurs impliqu\u00e9s dans le GIS Posidonie appartiennent principalement \u00e0 5 laboratoires  collaborant avec le GIS Posidonie dans le cadre de programmes r\u00e9alis\u00e9s en commun :<\/strong><\/p>\n<ul style=\"text-align: justify;\">\n<li><strong><strong>Aix-Marseille Universit\u00e9 &#8211; Institut Pyth\u00e9as &#8211; <\/strong>Institut M\u00e9diterran\u00e9en d&rsquo;Oc\u00e9anologie (MIO)<br \/><\/strong><\/li>\n<li><strong><strong>Aix-Marseille Universit\u00e9 &#8211; Institut Pyth\u00e9as &#8211; <\/strong>Institut M\u00e9diterran\u00e9en de Biodiversit\u00e9 et d&rsquo;Ecologie Marine et Continentale<strong> (IMBE)<\/strong><\/strong><\/li>\n<li><strong>Universit\u00e9 de Corse &#8211; Cort\u00e9<\/strong><\/li>\n<li><strong>Laboratoire d&rsquo;Ecog\u00e9ochimie des Environnements Benthiques (LECOB) &#8211; UMR 8222 CNRS<\/strong><\/li>\n<\/ul>\n","protected":false},"excerpt":{"rendered":"<p>Le GIS Posidonie est une structure associative dont les membres actifs sont pour la plupart des scientifiques et des gestionnaires de l\u2019environnement m\u00e9diterran\u00e9en. L&rsquo;\u00e9quipe permanente bas\u00e9e \u00e0 Aix-Marseille Universit\u00e9, qui anime le groupement, et l\u2019implication de scientifiques des laboratoires m\u00e9diterran\u00e9ens, permettent au Groupement de r\u00e9aliser les programmes de recherche, les [&hellip;]<\/p>\n","protected":false},"author":4,"featured_media":0,"parent":0,"menu_order":0,"comment_status":"closed","ping_status":"closed","template":"","meta":{"footnotes":""},"class_list":["post-3242","page","type-page","status-publish","hentry"],"_links":{"self":[{"href":"https:\/\/gisposidonie.osupytheas.fr\/index.php?rest_route=\/wp\/v2\/pages\/3242","targetHints":{"allow":["GET"]}}],"collection":[{"href":"https:\/\/gisposidonie.osupytheas.fr\/index.php?rest_route=\/wp\/v2\/pages"}],"about":[{"href":"https:\/\/gisposidonie.osupytheas.fr\/index.php?rest_route=\/wp\/v2\/types\/page"}],"author":[{"embeddable":true,"href":"https:\/\/gisposidonie.osupytheas.fr\/index.php?rest_route=\/wp\/v2\/users\/4"}],"replies":[{"embeddable":true,"href":"https:\/\/gisposidonie.osupytheas.fr\/index.php?rest_route=%2Fwp%2Fv2%2Fcomments&post=3242"}],"version-history":[{"count":54,"href":"https:\/\/gisposidonie.osupytheas.fr\/index.php?rest_route=\/wp\/v2\/pages\/3242\/revisions"}],"predecessor-version":[{"id":4507,"href":"https:\/\/gisposidonie.osupytheas.fr\/index.php?rest_route=\/wp\/v2\/pages\/3242\/revisions\/4507"}],"wp:attachment":[{"href":"https:\/\/gisposidonie.osupytheas.fr\/index.php?rest_route=%2Fwp%2Fv2%2Fmedia&parent=3242"}],"curies":[{"name":"wp","href":"https:\/\/api.w.org\/{rel}","templated":true}]}}