{"id":3271,"date":"2020-02-11T18:02:06","date_gmt":"2020-02-11T17:02:06","guid":{"rendered":"https:\/\/gisposidonie.osupytheas.fr\/?page_id=3271"},"modified":"2020-02-11T18:12:42","modified_gmt":"2020-02-11T17:12:42","slug":"le-gis-posidonie-un-reseau-de-chercheurs-et-de-gestionnaires-du-milieu-marin","status":"publish","type":"page","link":"https:\/\/gisposidonie.osupytheas.fr\/?page_id=3271","title":{"rendered":"Un r\u00e9seau m\u00e9diterran\u00e9en"},"content":{"rendered":"<p style=\"text-align: center;\"><span style=\"color: #59ba0e;\"><strong>Le GIS Posidonie : un r\u00e9seau de chercheurs et de gestionnaires du milieu marin<\/strong><\/span><\/p>\n<p style=\"text-align: justify;\">Le GIS Posidonie rassemble des comp\u00e9tences scientifiques en biologie et \u00e9cologie marines sur l&rsquo;ensemble du pourtour m\u00e9diterran\u00e9en (une centaine de membres).<\/p>\n<p style=\"text-align: justify;\">Le GIS Posidonie est un groupe de recherche appliqu\u00e9e, qui d\u00e9veloppe la connaissance sur la faune et la flore marines et des outils de surveillance et de gestion des \u00e9cosyst\u00e8mes m\u00e9diterran\u00e9ens.<\/p>\n<p style=\"text-align: justify;\">Le GIS Posidonie avec son \u00e9quipe permanente de plongeurs scientifiques et son \u00e9quipement en bateau, v\u00e9hicule et mat\u00e9riel de plong\u00e9e constitue \u00e9galement une plateforme de travail mobilisable pour un ou des chercheurs ou des gestionnaires souhaitant mener \u00e0 bien un programme d&rsquo;acquisition de donn\u00e9es en milieu marin c\u00f4tier.<\/p>\n<p style=\"text-align: justify;\">Le GIS Posidonie se d\u00e9finit comme un r\u00e9seau de chercheurs et de gestionnaires du milieu marin, qui fonctionne depuis plusieurs d\u00e9cennies gr\u00e2ce \u00e0 des collaborations de longue date entre laboratoires de recherche universitaires m\u00e9diterran\u00e9ens et des hommes et des femmes de terrain. Ce r\u00e9seau peut rapidement \u00eatre activ\u00e9 pour la mise en place d&rsquo;une veille \u00e9cologique sur le milieu (comme cela a \u00e9t\u00e9 le cas pour l&rsquo;algue introduite <em>Caulerpa taxifolia)<\/em> ou pour la mobilisation de comp\u00e9tences sur de nouveaux programmes de coop\u00e9ration m\u00e9diterran\u00e9enne en particulier sur les aires marines prot\u00e9g\u00e9es.<\/p>\n<p style=\"text-align: justify;\">Le GIS Posidonie se d\u00e9finit aussi comme un outil de coordination de la recherche en appui \u00e0 la recherche publique et de sensibilisation au milieu marin.<\/p>\n","protected":false},"excerpt":{"rendered":"<p>Le GIS Posidonie : un r\u00e9seau de chercheurs et de gestionnaires du milieu marin Le GIS Posidonie rassemble des comp\u00e9tences scientifiques en biologie et \u00e9cologie marines sur l&rsquo;ensemble du pourtour m\u00e9diterran\u00e9en (une centaine de membres). Le GIS Posidonie est un groupe de recherche appliqu\u00e9e, qui d\u00e9veloppe la connaissance sur la [&hellip;]<\/p>\n","protected":false},"author":4,"featured_media":0,"parent":0,"menu_order":0,"comment_status":"closed","ping_status":"closed","template":"","meta":{"footnotes":""},"class_list":["post-3271","page","type-page","status-publish","hentry"],"_links":{"self":[{"href":"https:\/\/gisposidonie.osupytheas.fr\/index.php?rest_route=\/wp\/v2\/pages\/3271","targetHints":{"allow":["GET"]}}],"collection":[{"href":"https:\/\/gisposidonie.osupytheas.fr\/index.php?rest_route=\/wp\/v2\/pages"}],"about":[{"href":"https:\/\/gisposidonie.osupytheas.fr\/index.php?rest_route=\/wp\/v2\/types\/page"}],"author":[{"embeddable":true,"href":"https:\/\/gisposidonie.osupytheas.fr\/index.php?rest_route=\/wp\/v2\/users\/4"}],"replies":[{"embeddable":true,"href":"https:\/\/gisposidonie.osupytheas.fr\/index.php?rest_route=%2Fwp%2Fv2%2Fcomments&post=3271"}],"version-history":[{"count":3,"href":"https:\/\/gisposidonie.osupytheas.fr\/index.php?rest_route=\/wp\/v2\/pages\/3271\/revisions"}],"predecessor-version":[{"id":3278,"href":"https:\/\/gisposidonie.osupytheas.fr\/index.php?rest_route=\/wp\/v2\/pages\/3271\/revisions\/3278"}],"wp:attachment":[{"href":"https:\/\/gisposidonie.osupytheas.fr\/index.php?rest_route=%2Fwp%2Fv2%2Fmedia&parent=3271"}],"curies":[{"name":"wp","href":"https:\/\/api.w.org\/{rel}","templated":true}]}}