{"id":3291,"date":"2020-02-11T18:30:34","date_gmt":"2020-02-11T17:30:34","guid":{"rendered":"https:\/\/gisposidonie.osupytheas.fr\/?page_id=3291"},"modified":"2020-09-28T17:09:51","modified_gmt":"2020-09-28T16:09:51","slug":"mentions-legales-du-site","status":"publish","type":"page","link":"https:\/\/gisposidonie.osupytheas.fr\/?page_id=3291","title":{"rendered":"Mentions l\u00e9gales du site"},"content":{"rendered":"<p style=\"text-align: justify;\"><img loading=\"lazy\" decoding=\"async\" class=\"alignleft size-full wp-image-506\" alt=\"GIS_Posidonie_Logo\" src=\"https:\/\/gisposidonie.osupytheas.fr\/wp-content\/uploads\/2020\/02\/GIS_Logo_3_OK.png\" width=\"100\" height=\"100\" \/><span style=\"color: #59ba0e;\"><strong>Site officiel du Groupement d\u2019Int\u00e9r\u00eat Scientifique Posidonie &#8211; GIS Posidonie<\/strong><br \/>Campus de Luminy, B\u00e2t. IOA, 163 avenue de Luminy, 13288 Marseille cedex 09.<br \/>T\u00e9l\u00e9phone : +33 (0)4 86 09 05 73\/78<br \/>https:\/\/gisposidonie.osupytheas.fr<\/span><\/p>\n<p><\/p>\n<p style=\"text-align: justify;\"><span style=\"text-decoration: underline;\">Protection des informations nominative<\/span><span style=\"text-decoration: underline;\">s<\/span> :<\/p>\n<p style=\"text-align: justify;\">Conform\u00e9ment \u00e0 la loi n\u00b078-17 du 6 janvier 1978, relative \u00e0 l\u2019Informatique, aux fichiers et aux Libert\u00e9s (articles 38, 39, 40), vous disposez d\u2019un droit d\u2019acc\u00e8s, de rectification et de suppression des donn\u00e9es vous concernant, en ligne sur ce site. Pour exercer ce droit, vous pouvez vous adresser au webmaster : laurence.ledireach@univ-amu.fr<\/p>\n<p style=\"text-align: justify;\"><span style=\"text-decoration: underline;\">Conditions d\u2019utilisation<\/span> :<\/p>\n<p style=\"text-align: justify;\">Clause de non-responsabilit\u00e9: la responsabilit\u00e9 du GIS Posidonie ne peut, en aucune mani\u00e8re, \u00eatre engag\u00e9e quant au contenu des informations figurant sur ce site ou aux cons\u00e9quences pouvant r\u00e9sulter de leur utilisation ou interpr\u00e9tation.<\/p>\n<p style=\"text-align: justify;\"><span style=\"text-decoration: underline;\">Propri\u00e9t\u00e9 intellectuelle<\/span> :<\/p>\n<p style=\"text-align: justify;\">Le site du GIS Posidonie est une \u0153uvre de cr\u00e9ation, propri\u00e9t\u00e9 exclusive du GIS Posidonie, prot\u00e9g\u00e9 par la l\u00e9gislation fran\u00e7aise et internationale sur le droit de la propri\u00e9t\u00e9 intellectuelle. Aucune reproduction ou repr\u00e9sentation ne peut \u00eatre r\u00e9alis\u00e9e en contravention avec les droits du GIS Posidonie issus de la l\u00e9gislation susvis\u00e9e.<\/p>\n<p style=\"text-align: justify;\"><span style=\"text-decoration: underline;\">Liens hypertextes<\/span> :<\/p>\n<p style=\"text-align: justify;\">La mise en place de liens hypertextes par des tiers vers des pages ou des documents diffus\u00e9s sur le site du GIS Posidonie, est autoris\u00e9e sous r\u00e9serve que les liens ne contreviennent pas aux int\u00e9r\u00eats du GIS Posidonie, et qu\u2019ils garantissent la possibilit\u00e9 pour l\u2019utilisateur d\u2019identifier l\u2019origine et l\u2019auteur du document.<\/p>\n<p style=\"text-align: justify;\"><span style=\"text-decoration: underline;\">Cr\u00e9dits photo<\/span> :<\/p>\n<p>GIS Posidonie<br \/>Sandrine Ruitton (MIO)<br \/>M\u00e9lanie Ourgaud (MIO)<br \/>Jean-Georges Harmelin (MIO)<br \/>Thierry P\u00e9rez (IMBE)<br \/>Pierre Chevaldonn\u00e9 (IMBE)<br \/>Agence des aires marines prot\u00e9g\u00e9es<\/p>\n<p style=\"text-align: justify;\"><span style=\"text-decoration: underline;\">Terminologie<\/span> :<\/p>\n<p style=\"text-align: justify;\">\u00ab\u00a0Algue\u00a0\u00bb : le terme d&rsquo;algue, d\u00e9sign\u00e9 ici, est utilis\u00e9 dans son sens morphologique pour regrouper les chlorobiontes (algues vertes), les phaephocyc\u00e9es (algues brunes), les rhodobiontes (algues rouges) et pour distinguer au sein des producteurs primaires benthiques, ces 3 groupes, de la magnoliophyte <em>Posidonia oceanica<\/em>.<\/p>\n<p style=\"text-align: justify;\">\u00ab\u00a0Poisson\u00a0\u00bb : le terme de poisson est synonyme de t\u00e9l\u00e9ost\u00e9ens<\/p>\n<p style=\"text-align: justify;\">Copyright GIS Posidonie 2013<\/p>\n<p><\/p>\n\n\n<p><\/p>\n","protected":false},"excerpt":{"rendered":"<p>Site officiel du Groupement d\u2019Int\u00e9r\u00eat Scientifique Posidonie &#8211; GIS PosidonieCampus de Luminy, B\u00e2t. IOA, 163 avenue de Luminy, 13288 Marseille cedex 09.T\u00e9l\u00e9phone : +33 (0)4 86 09 05 73\/78https:\/\/gisposidonie.osupytheas.fr Protection des informations nominatives : Conform\u00e9ment \u00e0 la loi n\u00b078-17 du 6 janvier 1978, relative \u00e0 l\u2019Informatique, aux fichiers et aux [&hellip;]<\/p>\n","protected":false},"author":4,"featured_media":0,"parent":0,"menu_order":0,"comment_status":"closed","ping_status":"closed","template":"","meta":{"footnotes":""},"class_list":["post-3291","page","type-page","status-publish","hentry"],"_links":{"self":[{"href":"https:\/\/gisposidonie.osupytheas.fr\/index.php?rest_route=\/wp\/v2\/pages\/3291","targetHints":{"allow":["GET"]}}],"collection":[{"href":"https:\/\/gisposidonie.osupytheas.fr\/index.php?rest_route=\/wp\/v2\/pages"}],"about":[{"href":"https:\/\/gisposidonie.osupytheas.fr\/index.php?rest_route=\/wp\/v2\/types\/page"}],"author":[{"embeddable":true,"href":"https:\/\/gisposidonie.osupytheas.fr\/index.php?rest_route=\/wp\/v2\/users\/4"}],"replies":[{"embeddable":true,"href":"https:\/\/gisposidonie.osupytheas.fr\/index.php?rest_route=%2Fwp%2Fv2%2Fcomments&post=3291"}],"version-history":[{"count":5,"href":"https:\/\/gisposidonie.osupytheas.fr\/index.php?rest_route=\/wp\/v2\/pages\/3291\/revisions"}],"predecessor-version":[{"id":3425,"href":"https:\/\/gisposidonie.osupytheas.fr\/index.php?rest_route=\/wp\/v2\/pages\/3291\/revisions\/3425"}],"wp:attachment":[{"href":"https:\/\/gisposidonie.osupytheas.fr\/index.php?rest_route=%2Fwp%2Fv2%2Fmedia&parent=3291"}],"curies":[{"name":"wp","href":"https:\/\/api.w.org\/{rel}","templated":true}]}}