{"id":3590,"date":"2021-06-11T14:22:08","date_gmt":"2021-06-11T13:22:08","guid":{"rendered":"https:\/\/gisposidonie.osupytheas.fr\/?page_id=3590"},"modified":"2024-12-02T15:44:55","modified_gmt":"2024-12-02T14:44:55","slug":"contacts","status":"publish","type":"page","link":"https:\/\/gisposidonie.osupytheas.fr\/?page_id=3590","title":{"rendered":"Contacts"},"content":{"rendered":"\n<p style=\"text-align: justify;\"> <strong>Adresse du si\u00e8ge et de l&rsquo;\u00e9quipe permanente : <\/strong>GIS POSIDONIE &#8211; Institut Pyth\u00e9as &#8211; MIO &#8211; B\u00e2t. IOA, Campus de Luminy, Case 901, 13288 Marseille Cedex 09<\/p>\n\n<p style=\"text-align: center;\"><iframe loading=\"lazy\" src=\"https:\/\/www.google.com\/maps\/embed?pb=!1m18!1m12!1m3!1d2906.7782993264696!2d5.438608415804101!3d43.235107679137904!2m3!1f0!2f0!3f0!3m2!1i1024!2i768!4f13.1!3m3!1m2!1s0x12c9b8554a46376f%3A0x18d6dfd1ad3ecb80!2sG.I.S%20Posidonie!5e0!3m2!1sfr!2sfr!4v1601363443765!5m2!1sfr!2sfr\" width=\"600\" height=\"450\" frameborder=\"0\" style=\"border:0;\" allowfullscreen=\"\" aria-hidden=\"false\" tabindex=\"0\"><\/iframe><\/p>\n\n<p style=\"text-align: justify;\"> <strong>Adresse postale : <\/strong>GIS POSIDONIE &#8211; Institut Pyth\u00e9as &#8211; MIO &#8211; B\u00e2t. OCEANOMED, Campus de Luminy, 163 Avenue de Luminy, Case 901, 13288 Marseille Cedex 09<\/p>\n\n<p style=\"text-align: justify;\"><strong>Les adresses mail et num\u00e9ros de t\u00e9l\u00e9phone de chaque membre de l&rsquo;\u00e9quipe permanente sont disponibles <a href=\"https:\/\/gisposidonie.osupytheas.fr\/?page_id=3242\" target=\"_blank\" style=\"font-size: 18px;\" rel=\"noopener\">ici\u00a0<\/a> <\/strong><\/p>\n\n<p style=\"text-align: justify;\"> <strong>R\u00e9seaux sociaux :<\/strong>\n\n\t<table \"background-color:none\">\n\n<tr>\n\n<td colspan=\"4\" width=\"300\"> <p style=\"text-align: center;\"><a href=\"https:\/\/fr-fr.facebook.com\/GISPosidonie\/\" target=\"_blank\" rel=\"noopener\"><img loading=\"lazy\" decoding=\"async\" src=\"https:\/\/gisposidonie.osupytheas.fr\/wp-content\/uploads\/2023\/01\/logo_facebook.png\" alt=\"\" class=\"alignnone wp-image-461\" width=\"148\" height=\"120\" \/><\/a><\/p><\/td>\n\n<td colspan=\"4\" width=\"300\"> <p style=\"text-align: center;\"><a href=\"https:\/\/www.instagram.com\/gisposidonie\/\" target=\"_blank\" rel=\"noopener\"><img loading=\"lazy\" decoding=\"async\" src=\"https:\/\/gisposidonie.osupytheas.fr\/wp-content\/uploads\/2023\/01\/logo_instagram.png\" alt=\"\" class=\"alignnone wp-image-459\" width=\"148\" height=\"120\" \/><\/a><\/p><\/td>\n\n<td colspan=\"4\" width=\"300\"> <p style=\"text-align: center;\"> <a href=\"https:\/\/www.youtube.com\/channel\/UCEA9O4qTtYZZCZzAeS9Vlrg\" target=\"_blank\" rel=\"noopener\"><img loading=\"lazy\" decoding=\"async\" src=\"https:\/\/gisposidonie.osupytheas.fr\/wp-content\/uploads\/2023\/01\/logo_youtube-e1733150675952.webp\" alt=\"\" class=\"alignnone wp-image-460\" width=\"143\" height=\"62\" \/><\/a><\/p><\/td>\n\n<td colspan=\"4\" width=\"300\"> <p style=\"text-align: center;\"> <a href=\"https:\/\/www.linkedin.com\/company\/gis-posidonie\/?originalSubdomain=fr\" target=\"_blank\" rel=\"noopener\"><img loading=\"lazy\" decoding=\"async\" src=\"https:\/\/gisposidonie.osupytheas.fr\/wp-content\/uploads\/2024\/12\/logo-linkedin-e1733150580185.webp\" alt=\"\" class=\"alignnone wp-image-460\" width=\"143\" height=\"120\" \/><\/a><\/p><\/td>\n\n<\/tr>\n \n<\/table>\n\n","protected":false},"excerpt":{"rendered":"<p>Adresse du si\u00e8ge et de l&rsquo;\u00e9quipe permanente : GIS POSIDONIE &#8211; Institut Pyth\u00e9as &#8211; MIO &#8211; B\u00e2t. IOA, Campus de Luminy, Case 901, 13288 Marseille Cedex 09 Adresse postale : GIS POSIDONIE &#8211; Institut Pyth\u00e9as &#8211; MIO &#8211; B\u00e2t. OCEANOMED, Campus de Luminy, 163 Avenue de Luminy, Case 901, 13288 [&hellip;]<\/p>\n","protected":false},"author":4,"featured_media":0,"parent":0,"menu_order":0,"comment_status":"closed","ping_status":"closed","template":"","meta":{"footnotes":""},"class_list":["post-3590","page","type-page","status-publish","hentry"],"_links":{"self":[{"href":"https:\/\/gisposidonie.osupytheas.fr\/index.php?rest_route=\/wp\/v2\/pages\/3590","targetHints":{"allow":["GET"]}}],"collection":[{"href":"https:\/\/gisposidonie.osupytheas.fr\/index.php?rest_route=\/wp\/v2\/pages"}],"about":[{"href":"https:\/\/gisposidonie.osupytheas.fr\/index.php?rest_route=\/wp\/v2\/types\/page"}],"author":[{"embeddable":true,"href":"https:\/\/gisposidonie.osupytheas.fr\/index.php?rest_route=\/wp\/v2\/users\/4"}],"replies":[{"embeddable":true,"href":"https:\/\/gisposidonie.osupytheas.fr\/index.php?rest_route=%2Fwp%2Fv2%2Fcomments&post=3590"}],"version-history":[{"count":15,"href":"https:\/\/gisposidonie.osupytheas.fr\/index.php?rest_route=\/wp\/v2\/pages\/3590\/revisions"}],"predecessor-version":[{"id":4331,"href":"https:\/\/gisposidonie.osupytheas.fr\/index.php?rest_route=\/wp\/v2\/pages\/3590\/revisions\/4331"}],"wp:attachment":[{"href":"https:\/\/gisposidonie.osupytheas.fr\/index.php?rest_route=%2Fwp%2Fv2%2Fmedia&parent=3590"}],"curies":[{"name":"wp","href":"https:\/\/api.w.org\/{rel}","templated":true}]}}