{"id":3811,"date":"2023-01-10T13:55:20","date_gmt":"2023-01-10T12:55:20","guid":{"rendered":"https:\/\/gisposidonie.osupytheas.fr\/?page_id=3811"},"modified":"2025-04-11T14:06:58","modified_gmt":"2025-04-11T13:06:58","slug":"stage-emploi-et-mission-de-service-civique","status":"publish","type":"page","link":"https:\/\/gisposidonie.osupytheas.fr\/?page_id=3811","title":{"rendered":"Recrutement"},"content":{"rendered":"\n<p style=\"text-align:center\"><span style=\"color: #59ba0e;\"><strong>Si vous souhaitez int\u00e9grer ou participer aux activit\u00e9 du GIS Posidonie<\/strong><\/p>\n\n<p style=\"text-align:justify\"><span style=\"color: #000000;\"><strong>Pour toute demande concernant les possibilit\u00e9s de stage, d\u2019emploi ou de mission de service civique merci d\u2019adresser vos curriculum vitae et lettre de motivation \u00e0 Laurence Le Dir\u00e9ach laurence.ledireach@univ-amu.fr pour Marseille :<\/strong><\/p>\n\n<p style=\"text-align: justify;\">GIS POSIDONIE \u2013 Institut Pyth\u00e9as \u2013 MIO, B\u00e2t. IOA \u2013 Campus de Luminy, Case 901, 13288 Marseille Cedex 09<\/p>\n\n\n\n\n\n<div data-wp-interactive=\"core\/file\" class=\"wp-block-file\"><object data-wp-bind--hidden=\"!state.hasPdfPreview\" hidden class=\"wp-block-file__embed\" data=\"https:\/\/gisposidonie.osupytheas.fr\/wp-content\/uploads\/2025\/04\/OFFRE_Service-civique_GIS_Luminy_2025.pdf\" type=\"application\/pdf\" style=\"width:100%;height:600px\" aria-label=\"Contenu embarqu\u00e9 OFFRE_Service civique_GIS_Luminy_2025.\"><\/object><a id=\"wp-block-file--media-14bb7492-62eb-4079-b929-09041ea008b1\" href=\"https:\/\/gisposidonie.osupytheas.fr\/wp-content\/uploads\/2025\/04\/OFFRE_Service-civique_GIS_Luminy_2025.pdf\">OFFRE_Service civique_GIS_Luminy_2025<\/a><a href=\"https:\/\/gisposidonie.osupytheas.fr\/wp-content\/uploads\/2025\/04\/OFFRE_Service-civique_GIS_Luminy_2025.pdf\" class=\"wp-block-file__button wp-element-button\" download aria-describedby=\"wp-block-file--media-14bb7492-62eb-4079-b929-09041ea008b1\">T\u00e9l\u00e9charger<\/a><\/div>\n","protected":false},"excerpt":{"rendered":"<p>Si vous souhaitez int\u00e9grer ou participer aux activit\u00e9 du GIS Posidonie Pour toute demande concernant les possibilit\u00e9s de stage, d\u2019emploi ou de mission de service civique merci d\u2019adresser vos curriculum vitae et lettre de motivation \u00e0 Laurence Le Dir\u00e9ach laurence.ledireach@univ-amu.fr pour Marseille : GIS POSIDONIE \u2013 Institut Pyth\u00e9as \u2013 MIO, [&hellip;]<\/p>\n","protected":false},"author":4,"featured_media":0,"parent":0,"menu_order":0,"comment_status":"closed","ping_status":"closed","template":"","meta":{"footnotes":""},"class_list":["post-3811","page","type-page","status-publish","hentry"],"_links":{"self":[{"href":"https:\/\/gisposidonie.osupytheas.fr\/index.php?rest_route=\/wp\/v2\/pages\/3811","targetHints":{"allow":["GET"]}}],"collection":[{"href":"https:\/\/gisposidonie.osupytheas.fr\/index.php?rest_route=\/wp\/v2\/pages"}],"about":[{"href":"https:\/\/gisposidonie.osupytheas.fr\/index.php?rest_route=\/wp\/v2\/types\/page"}],"author":[{"embeddable":true,"href":"https:\/\/gisposidonie.osupytheas.fr\/index.php?rest_route=\/wp\/v2\/users\/4"}],"replies":[{"embeddable":true,"href":"https:\/\/gisposidonie.osupytheas.fr\/index.php?rest_route=%2Fwp%2Fv2%2Fcomments&post=3811"}],"version-history":[{"count":30,"href":"https:\/\/gisposidonie.osupytheas.fr\/index.php?rest_route=\/wp\/v2\/pages\/3811\/revisions"}],"predecessor-version":[{"id":4393,"href":"https:\/\/gisposidonie.osupytheas.fr\/index.php?rest_route=\/wp\/v2\/pages\/3811\/revisions\/4393"}],"wp:attachment":[{"href":"https:\/\/gisposidonie.osupytheas.fr\/index.php?rest_route=%2Fwp%2Fv2%2Fmedia&parent=3811"}],"curies":[{"name":"wp","href":"https:\/\/api.w.org\/{rel}","templated":true}]}}