{"id":3840,"date":"2023-01-10T14:25:12","date_gmt":"2023-01-10T13:25:12","guid":{"rendered":"https:\/\/gisposidonie.osupytheas.fr\/?page_id=3840"},"modified":"2023-01-10T14:25:13","modified_gmt":"2023-01-10T13:25:13","slug":"un-grec-a-marseille-ou-lhistoire-du-logo-du-gis-posidonie","status":"publish","type":"page","link":"https:\/\/gisposidonie.osupytheas.fr\/?page_id=3840","title":{"rendered":"Un Grec \u00e0 Marseille ou l\u2019histoire du logo du GIS Posidonie"},"content":{"rendered":"\n<p style=\"text-align: justify;\">En arrivant  \u00e0 Luminy en 1977, j\u2019ai  \u00e9t\u00e9 accueilli \u00e0 Marseille par l\u2019\u00e9quipe de Charles Fran\u00e7ois Boudouresque au Laboratoire de Biologie V\u00e9g\u00e9tale Marine.\nJe me souviens  du sixi\u00e8me  \u00e9tage du b\u00e2timent TPR1 \u00e0 Luminy anim\u00e9 avec plus de dix enseignants et leurs \u00e9l\u00e8ves. Le paradis sur terre pour un jeune dipl\u00f4m\u00e9   en  Sciences   Naturelles   ayant l\u2019ambition  de faire  des \u00e9tudes sup\u00e9rieures  en biologie marine (Fig. 1).\nLe laboratoire travaillait entre-autres sur Posidonia oceanica. Je m\u2019y suis mis aussi. Trois ans plus tard ma th\u00e8se \u00e9tait presque pr\u00eate. G\u00e9rard Giraud venait de terminer sa th\u00e8se et G\u00e9rard Pergent commen\u00e7ait  la sienne.\nC\u2019est vers les ann\u00e9es 1980s que l\u2019id\u00e9e de cr\u00e9er un Groupement d\u2019Int\u00e9r\u00eat Scientifique  \u00ab Posidonie  \u00bb a \u00e9t\u00e9 lanc\u00e9e. Pourquoi pas ?\nLe trident de Neptune (Pos\u00e9idon en Grec), qui d\u00e9corait la couverture de ma th\u00e8se, a servi de logo au GIS Posidonie. J\u2019en \u00e9tais fier.<\/p>\n\n<table>\n\t<tr>\n\t\t<td colspan=\"2\" width=\"300\"><a href=\"https:\/\/gisposidonie.osupytheas.fr\/wp-content\/uploads\/2023\/01\/PANAGIOTIDISPhD.pdf\" target=\"_blank\" rel=\"noopener\"><img loading=\"lazy\" decoding=\"async\" src=\"https:\/\/gisposidonie.osupytheas.fr\/wp-content\/uploads\/2023\/01\/Image1.png\" alt=\"\" width=\"200\" height=\"200\" class=\"size-full wp-image-1555 aligncenter\" \/>\n\t<p style=\"text-align: center;\"><span style=\"color: #59ba0e;\">Cliquez sur l&rsquo;image pour parcourir la th\u00e8se<\/span><\/p><\/tr>\n<\/table>\n\n\n<p style=\"text-align: justify;\">En 2007, je me suis retrouv\u00e9 \u00e0 Marseille pour une r\u00e9union de travail avec les anciens amis et coll\u00e8gues. Le sixi\u00e8me \u00e9tage du b\u00e2timent TPR1 \u00e9tait encore comme je l\u2019avais connu, 30 ans auparavant. J\u2019ai demand\u00e9 : \u00ab qui travaille ici maintenant  ? \u00bb Et l\u2019on m\u2019a r\u00e9pondu : \u00ab mais  le GIS Posidonie  bien s\u00fbr ! \u00bb\nMaintenant,  il y a vraiment de quoi \u00eatre fier !<\/p>\n\n<p><img loading=\"lazy\" decoding=\"async\" class=\"aligncenter  wp-image-1837\" alt=\"2_Panayotidis_1977 Luminy_Fig2\" src=\"http:\/\/gisposidonie.osupytheas.fr\/wp-content\/uploads\/2014\/01\/2_Panayotidis_1977-Luminy_Fig2.jpg\" width=\"365\" height=\"278\" srcset=\"https:\/\/gisposidonie.osupytheas.fr\/wp-content\/uploads\/2014\/01\/2_Panayotidis_1977-Luminy_Fig2.jpg 769w, https:\/\/gisposidonie.osupytheas.fr\/wp-content\/uploads\/2014\/01\/2_Panayotidis_1977-Luminy_Fig2-300x228.jpg 300w\" sizes=\"auto, (max-width: 365px) 100vw, 365px\" \/><\/p>\n<p style=\"text-align: center;\">Fig. 1. Panayotis Panayotidis \u00e9tudiant \u00e0 Marseille en 1977.<\/p>\n<p style=\"text-align: justify;\"><strong>Auteur<\/strong> : Panayotis Panayotidis<\/p>\n<p style=\"text-align: justify;\">Retrouvez cette article dans l&rsquo;ouvrage du GIS Posidonie \u00ab\u00a0<a title=\"Plus de 30 ans au service de la protection et de la gestion du milieu marin\" href=\"http:\/\/gisposidonie.osupytheas.fr\/?p=1822\">Plus de 30 ans au service de la protection et de la gestion du milieu marin<\/a>\u00ab\u00a0.<\/p>\n\n\n\n<p><\/p>\n","protected":false},"excerpt":{"rendered":"<p>En arrivant \u00e0 Luminy en 1977, j\u2019ai \u00e9t\u00e9 accueilli \u00e0 Marseille par l\u2019\u00e9quipe de Charles Fran\u00e7ois Boudouresque au Laboratoire de Biologie V\u00e9g\u00e9tale Marine. Je me souviens du sixi\u00e8me \u00e9tage du b\u00e2timent TPR1 \u00e0 Luminy anim\u00e9 avec plus de dix enseignants et leurs \u00e9l\u00e8ves. Le paradis sur terre pour un jeune [&hellip;]<\/p>\n","protected":false},"author":4,"featured_media":0,"parent":0,"menu_order":0,"comment_status":"closed","ping_status":"closed","template":"","meta":{"footnotes":""},"class_list":["post-3840","page","type-page","status-publish","hentry"],"_links":{"self":[{"href":"https:\/\/gisposidonie.osupytheas.fr\/index.php?rest_route=\/wp\/v2\/pages\/3840","targetHints":{"allow":["GET"]}}],"collection":[{"href":"https:\/\/gisposidonie.osupytheas.fr\/index.php?rest_route=\/wp\/v2\/pages"}],"about":[{"href":"https:\/\/gisposidonie.osupytheas.fr\/index.php?rest_route=\/wp\/v2\/types\/page"}],"author":[{"embeddable":true,"href":"https:\/\/gisposidonie.osupytheas.fr\/index.php?rest_route=\/wp\/v2\/users\/4"}],"replies":[{"embeddable":true,"href":"https:\/\/gisposidonie.osupytheas.fr\/index.php?rest_route=%2Fwp%2Fv2%2Fcomments&post=3840"}],"version-history":[{"count":2,"href":"https:\/\/gisposidonie.osupytheas.fr\/index.php?rest_route=\/wp\/v2\/pages\/3840\/revisions"}],"predecessor-version":[{"id":3842,"href":"https:\/\/gisposidonie.osupytheas.fr\/index.php?rest_route=\/wp\/v2\/pages\/3840\/revisions\/3842"}],"wp:attachment":[{"href":"https:\/\/gisposidonie.osupytheas.fr\/index.php?rest_route=%2Fwp%2Fv2%2Fmedia&parent=3840"}],"curies":[{"name":"wp","href":"https:\/\/api.w.org\/{rel}","templated":true}]}}