{"id":3857,"date":"2023-01-10T16:11:24","date_gmt":"2023-01-10T15:11:24","guid":{"rendered":"https:\/\/gisposidonie.osupytheas.fr\/?page_id=3857"},"modified":"2024-12-02T15:20:41","modified_gmt":"2024-12-02T14:20:41","slug":"presentation-du-gis-posidonie","status":"publish","type":"page","link":"https:\/\/gisposidonie.osupytheas.fr\/?page_id=3857","title":{"rendered":"Pr\u00e9sentation"},"content":{"rendered":"\n<p style=\"text-align: justify;\"><strong>Le GIS Posidonie<\/strong> est un Groupement d&rsquo;Int\u00e9r\u00eat Scientifique cr\u00e9\u00e9 en 1982 \u00e0 l&rsquo;initiative du Minist\u00e8re de l&rsquo;Environnement fran\u00e7ais et du Parc national de Port-Cros sous le statut d&rsquo;association loi 1901. Sous convention avec l&rsquo;Universit\u00e9 d&rsquo;Aix-Marseille son si\u00e8ge et son \u00e9quipe permanente sont h\u00e9berg\u00e9s dans les locaux mis \u00e0 la disposition du MIO par l&rsquo;Institut Pyth\u00e9as et il a pour objet principal la recherche sur le milieu marin.<\/p>\n<p style=\"text-align: justify;\">Le GIS Posidonie r\u00e9alise ainsi, depuis 1982, <strong>des recherches<\/strong> et des <strong>expertises en \u00e9cologie marine<\/strong> pour les collectivit\u00e9s r\u00e9gionales et locales, l&rsquo;Etat et les organismes internationaux. Les travaux qui lui sont confi\u00e9s sont r\u00e9alis\u00e9s par des membres de laboratoires de recherche m\u00e9diterran\u00e9ens aid\u00e9s par son secr\u00e9tariat scientifique et l&rsquo;\u00e9quipe permanente de chercheurs-plongeurs scientifiques. Ses activit\u00e9s sont centr\u00e9es sur le milieu marin c\u00f4tier m\u00e9diterran\u00e9en : conservation de la biodiversit\u00e9, inventaires et cartographies des richesses patrimoniales, syst\u00e8mes de surveillance, m\u00e9thodes de suivi \u00e9cologique, expertise, aide \u00e0 la gestion.<\/p>\n<p style=\"text-align: justify;\">Compos\u00e9 de nombreux membres actifs scientifiques et gestionnaires de M\u00e9diterran\u00e9e, le GIS Posidonie est dot\u00e9 d&rsquo;un Conseil Scientifique et d&rsquo;Administration, qui d\u00e9finit ses orientations et sa politique scientifique.<\/p>\n<p style=\"text-align: justify;\">Une \u00e9quipe permanente anime le groupement et contribue au lien entre les laboratoires de Marseille, Corte, Nice et Perpignan auxquels appartiennent des membres actifs du groupement ainsi qu&rsquo;\u00e0 la r\u00e9alisation des travaux du GIS Posidonie au quotidien. L&rsquo;\u00e9quipe permanente est constitu\u00e9e d&rsquo;une charg\u00e9e de recherche, de 3 ing\u00e9nieurs de recherche, de 2 ing\u00e9nieurs d&rsquo;\u00e9tudes et d&rsquo;un comptable bas\u00e9s \u00e0 Marseille.<\/p>\n<p style=\"text-align: justify;\">Le GIS Posidonie effectue des recherches dans le cadre de partenariats, d&rsquo;appels \u00e0 programmes ou d&rsquo;appels d&rsquo;offres, sur fonds incitatifs des collectivit\u00e9s locales, des minist\u00e8res, des organismes internationaux et plus rarement \u00e0 la demande du secteur priv\u00e9 ou sur financement issus de fondations.<\/p>\n<p style=\"text-align: justify;\"><\/p>\n","protected":false},"excerpt":{"rendered":"<p>Le GIS Posidonie est un Groupement d&rsquo;Int\u00e9r\u00eat Scientifique cr\u00e9\u00e9 en 1982 \u00e0 l&rsquo;initiative du Minist\u00e8re de l&rsquo;Environnement fran\u00e7ais et du Parc national de Port-Cros sous le statut d&rsquo;association loi 1901. Sous convention avec l&rsquo;Universit\u00e9 d&rsquo;Aix-Marseille son si\u00e8ge et son \u00e9quipe permanente sont h\u00e9berg\u00e9s dans les locaux mis \u00e0 la disposition [&hellip;]<\/p>\n","protected":false},"author":4,"featured_media":0,"parent":0,"menu_order":0,"comment_status":"closed","ping_status":"closed","template":"","meta":{"footnotes":""},"class_list":["post-3857","page","type-page","status-publish","hentry"],"_links":{"self":[{"href":"https:\/\/gisposidonie.osupytheas.fr\/index.php?rest_route=\/wp\/v2\/pages\/3857","targetHints":{"allow":["GET"]}}],"collection":[{"href":"https:\/\/gisposidonie.osupytheas.fr\/index.php?rest_route=\/wp\/v2\/pages"}],"about":[{"href":"https:\/\/gisposidonie.osupytheas.fr\/index.php?rest_route=\/wp\/v2\/types\/page"}],"author":[{"embeddable":true,"href":"https:\/\/gisposidonie.osupytheas.fr\/index.php?rest_route=\/wp\/v2\/users\/4"}],"replies":[{"embeddable":true,"href":"https:\/\/gisposidonie.osupytheas.fr\/index.php?rest_route=%2Fwp%2Fv2%2Fcomments&post=3857"}],"version-history":[{"count":10,"href":"https:\/\/gisposidonie.osupytheas.fr\/index.php?rest_route=\/wp\/v2\/pages\/3857\/revisions"}],"predecessor-version":[{"id":4326,"href":"https:\/\/gisposidonie.osupytheas.fr\/index.php?rest_route=\/wp\/v2\/pages\/3857\/revisions\/4326"}],"wp:attachment":[{"href":"https:\/\/gisposidonie.osupytheas.fr\/index.php?rest_route=%2Fwp%2Fv2%2Fmedia&parent=3857"}],"curies":[{"name":"wp","href":"https:\/\/api.w.org\/{rel}","templated":true}]}}