{"id":3862,"date":"2023-01-10T16:38:51","date_gmt":"2023-01-10T15:38:51","guid":{"rendered":"https:\/\/gisposidonie.osupytheas.fr\/?page_id=3862"},"modified":"2023-11-20T16:54:35","modified_gmt":"2023-11-20T15:54:35","slug":"activites-du-gis-posidonie","status":"publish","type":"page","link":"https:\/\/gisposidonie.osupytheas.fr\/?page_id=3862","title":{"rendered":"Activit\u00e9s"},"content":{"rendered":"\n<p style=\"text-align: justify;\"><strong>Le GIS Posidonie inventorie les esp\u00e8ces, d\u00e9crit les paysages sous-marins, cartographie les fonds marins.<\/strong><\/p>\n<p style=\"text-align: justify;\"><strong>Le GIS Posidonie \u00e9tudie les aires marines prot\u00e9g\u00e9es et les r\u00e9cifs artificiels comme outils de gestion des usages et de conservation du milieu c\u00f4tier.<\/strong><\/p>\n<p style=\"text-align: justify;\"><strong>Le GIS Posidonie d\u00e9veloppe des outils et des m\u00e9thodes de surveillance de la qualit\u00e9 du milieu marin.<\/strong><\/p>\n<p style=\"text-align: justify;\">Le GIS Posidonie r\u00e9unit des scientifiques et des gestionnaires m\u00e9diterran\u00e9ens pour am\u00e9liorer la gestion et la connaissance des \u00e9cosyst\u00e8mes m\u00e9diterran\u00e9ens.<\/p>\n<p style=\"text-align: justify;\">L&rsquo;engagement du GIS Posidonie d\u00e8s sa cr\u00e9ation, en 1982, pour la connaissance et la pr\u00e9servation du milieu marin, <strong>a permis la protection de la posidonie par la loi fran\u00e7aise (arr\u00eat\u00e9 du 19 juillet 1988)<\/strong>. Il est \u00e0 l&rsquo;initiative de la cr\u00e9ation du r\u00e9seau de surveillance posidonie, qu&rsquo;il a coordonn\u00e9 de 1984 \u00e0 2004. Ce syst\u00e8me de surveillance utilisant la posidonie comme bioindicateur de la qualit\u00e9 globale du littoral comptait 33 points de suivi en r\u00e9gion PACA. Cette s\u00e9rie longue d&rsquo;observation a servi de mod\u00e8le \u00e0 d&rsquo;autres pays europ\u00e9ens comme l&rsquo;Espagne et l&rsquo;Italie.<\/p>\n<p style=\"text-align: justify;\"><strong>Le GIS Posidonie s&rsquo;est \u00e9galement engag\u00e9 dans la protection d&rsquo;autres esp\u00e8ces marines (1991), telles que la grande nacre, l&rsquo;oursin diad\u00e8me, la grande cigale (arr\u00eat\u00e9 du 26 novembre 1992), la mise au point et le suivi d&rsquo;indicateurs biologiques et physico-chimiques de la qualit\u00e9 du milieu marin (1993) et la gestion des aires marines prot\u00e9g\u00e9es (Parc national de Port-Cros, r\u00e9serve de Scandola en particulier).<\/strong><\/p>\n<p style=\"text-align: justify;\">Le GIS Posidonie a parall\u00e8lement r\u00e9alis\u00e9 de nombreux programmes de suivi des \u00e9cosyst\u00e8mes m\u00e9diterran\u00e9ens dont la coordination scientifique et la gestion de deux programmes LIFE europ\u00e9ens (1993 \u00e0 1995) puis (1996 \u00e0 1999) sur l&rsquo;expansion de l&rsquo;algue tropicale <em>Caulerpa taxifolia<\/em> en M\u00e9diterran\u00e9e financ\u00e9s par les collectivit\u00e9s locales, l&rsquo;Etat et la Commission Europ\u00e9enne. Le GIS Posidonie est b\u00e9n\u00e9ficiaire associ\u00e9 au programme <strong>LIFE int\u00e9gr\u00e9 Marha<\/strong> d\u00e9di\u00e9 aux habitats Natura 2000 port\u00e9 pour 8 ann\u00e9es par l&rsquo;Agence Fran\u00e7aise de la Biodiversit\u00e9 (2017-2025).<\/p>\n<p style=\"text-align: justify;\"><span style=\"color: #59ba0e;\"><strong>Le GIS Posidonie a particip\u00e9 aux programmes euro-m\u00e9diterran\u00e9ens d\u00e9di\u00e9s aux r\u00e9serves marines :<\/strong><\/p>\n\t\t<ul>\n\t\t<li><p style=\"text-align: justify;\"><strong>ECOMARE (MASTIII-1999-2000)<\/strong> action concert\u00e9e faisant le point sur les connaissances et comp\u00e9tences sur les r\u00e9serves marines en M\u00e9diterran\u00e9e et leur gestion port\u00e9e par Raquel Goni de l&rsquo;IEO-Bal\u00e9ares;<\/p><\/li>\n\t\t<li><p style=\"text-align: justify;\"><strong>BIOMEX (2003-2005)<\/strong>, programme DG P\u00eache d\u00e9montrant l&rsquo;exportation de biomasse \u00e0 partir des r\u00e9serves m\u00e9diterran\u00e9ennes port\u00e9 par Serge Planes du CNRS-EPHE Perpignan;<\/p><\/li>\n\t\t<li><p style=\"text-align: justify;\"><strong>EMPAFISH (2006-2009)<\/strong>, programme DG P\u00eache d\u00e9montrant l&rsquo;efficacit\u00e9 des r\u00e9serves marines en tant qu&rsquo;outils de gestion de la p\u00eache, port\u00e9 par Angel Perez-Ruzafa de l&rsquo;universit\u00e9 de Murcia.<\/p><\/li>\n\t\t<\/ul>\n<p style=\"text-align: justify;\"><span style=\"color: #59ba0e;\"><strong>Il a \u00e9galement \u00e9t\u00e9 partenaire de programmes nationaux <strong>LITEAU<\/strong> du Minist\u00e8re de l&rsquo;Environnement :<\/strong><\/p>\n\t\t<ul>\n\t\t<li><p style=\"text-align: justify;\"><strong>PAMPA (2008-2010)<\/strong> d\u00e9di\u00e9 aux indicateurs de la performance d&rsquo;aires marines prot\u00e9g\u00e9es pour la gestion des \u00e9cosyst\u00e8mes c\u00f4tiers, des ressources et des usages port\u00e9 par Dominique Pelletier de l&rsquo;IFREMER;<\/p><\/li>\n\t\t<li><p style=\"text-align: justify;\"><strong>FHUVEL (2010-2012)<\/strong> sur la caract\u00e9risation de la fr\u00e9quentation humaine sur le littoral et la d\u00e9termination d&rsquo;indicateurs de vuln\u00e9rabilit\u00e9 \u00e9cologique port\u00e9 par Thierry Tatoni de l&rsquo;IMBE-CNRS.<\/p><\/li>\n\t\t<\/ul>\n<p style=\"text-align: justify;\"><span style=\"color: #59ba0e;\"><strong>Le GIS Posidonie est porteur de 3 programmes b\u00e9n\u00e9ficiaires de fonds europ\u00e9ens FEAMP en lien avec la p\u00eache professionnelle :<\/strong><\/p>\n\t\t<ul>\n\t\t<li><p style=\"text-align: justify;\"><strong>NURSERHY (2017-2018)<\/strong> d\u00e9di\u00e9 \u00e0 l&rsquo;\u00e9chantillonnage des juv\u00e9niles de poissons dans les salins d&rsquo;Hy\u00e8res et \u00e0 l&rsquo;\u00e9tude de leur r\u00f4le fonctionnel de nurserie pour certaines esp\u00e8ces c\u00f4ti\u00e8res (FEAMP r\u00e9gional &#8211; GALPA Galica).<\/p><\/li>\n\t\t<li><p style=\"text-align: justify;\"><strong>BABYCROS (2019-2020)<\/strong> consacr\u00e9 \u00e0 la localisation, la cartographie et la caract\u00e9risation des petits fonds les plus sensibles au regard de leur r\u00f4le de nurserie pour les poissons c\u00f4tiers dans l&rsquo;aire marine adjacente du Parc national de Port-Cros (FEAMP r\u00e9gional &#8211; GALPA Galica).<\/p><\/li>\n\t\t<li><p style=\"text-align: justify;\"><strong>PACHA (2019-2021)<\/strong> &lsquo;Prises accidentelles, captures et habitats essentiels d\u2019esp\u00e8ces d\u2019int\u00e9r\u00eat halieutique sur le territoire de l\u2019Observatoire de Port-Cros&rsquo; : des donn\u00e9es quantitatives concernant les captures saisonni\u00e8res et qualitatives concernant les pratiques, les p\u00e9riodes et les zones de capture des principales esp\u00e8ces p\u00each\u00e9es et leur reproduction seront \u00e9galement collect\u00e9es. Ainsi, les connaissances des p\u00eacheurs, des gestionnaires, la litt\u00e9rature scientifique, et les donn\u00e9es issues d&rsquo;une enqu\u00eate historique seront mises en commun pour r\u00e9fl\u00e9chir \u00e0 une gestion tenant davantage compte des \u00e9cosyst\u00e8mes. La faisabilit\u00e9 de mise en place d\u2019interdictions temporaires ou de repos biologique (acceptabilit\u00e9, crit\u00e8res d\u2019\u00e9valuation, zones, surfaces, dur\u00e9e) sera en particulier \u00e9tudi\u00e9e (FEAMP national mesure 40).<\/p><\/li>\n\t\t<\/ul>\n<p style=\"text-align: justify;\">L&rsquo;Agence des Aires Marines Prot\u00e9g\u00e9es a confi\u00e9 au GIS Posidonie le <strong>post-traitement des donn\u00e9es photo et vid\u00e9o<\/strong> collect\u00e9es dans le cadre des campagnes <strong>MEDSEACAN et CORSEACAN<\/strong> sur les canyons de M\u00e9diterran\u00e9e fran\u00e7aise (2010-2013).<\/p>\n<p style=\"text-align: justify;\"><span style=\"color: #59ba0e;\"><strong>A travers ces programmes le GIS Posidonie a contribu\u00e9 et contribue encore \u00e0 la connaissance sur :<\/strong><\/p>\n\t\t<ul>\n\t\t<li><strong>la protection et le suivi des herbiers de posidonie du littoral m\u00e9diterran\u00e9en;<\/strong><\/li>\n\t\t<li><strong>la pr\u00e9servation de la biodiversit\u00e9 marine et les esp\u00e8ces \u00e0 prot\u00e9ger y compris dans les canyons profonds;<\/strong><\/li>\n\t\t<li><strong>les aires marines prot\u00e9g\u00e9es;<\/strong><\/li>\n\t\t<li><strong>les r\u00e9cifs artificiels en tant qu&rsquo;outils de gestion de la bande c\u00f4ti\u00e8re;<\/strong><\/li>\n\t\t<\/ul>\n<p style=\"text-align: justify;\"><span style=\"color: #59ba0e;\"><strong>Et a d\u00e9velopp\u00e9 de nouveaux outils tels que :<\/strong><\/p>\n\t\t<ul>\n\t\t<li><strong>la cartographie sous-marine \u00e0 l&rsquo;aide de traitement d&rsquo;image et l&rsquo;utilisation du SIG (Syst\u00e8me d&rsquo;Information G\u00e9ographique) pour la repr\u00e9sentation des \u00e9cosyst\u00e8mes et la gestion des activit\u00e9s humaines;<\/strong><\/li>\n\t\t<li><strong>les m\u00e9thodes de suivi de l&rsquo;effort de p\u00eache dans les aires marines prot\u00e9g\u00e9es;<\/strong><\/li>\n\t\t<li><strong>le traitement des donn\u00e9es vid\u00e9o et la gestion de bases de donn\u00e9es incluant des images, des observations et des donn\u00e9es chiffr\u00e9es.<\/strong><\/li>\n\t\t<\/ul>\n<p style=\"text-align: justify;\">Le GIS Posidonie est \u00e9galement <strong>\u00e9diteur d&rsquo;ouvrages et d&rsquo;outils p\u00e9dagogiques de connaissance de l&rsquo;environnement marin<\/strong>. Il s&rsquo;est, en effet, donn\u00e9 une mission d&rsquo;information aupr\u00e8s des gestionnaires et usagers du milieu marin mais aussi des enseignants et des m\u00e9dias. Il a d&rsquo;ailleurs organis\u00e9 de nombreuses r\u00e9unions et colloques et \u00e9dite des ouvrages scientifiques et de vulgarisation.<\/p>\n","protected":false},"excerpt":{"rendered":"<p>Le GIS Posidonie inventorie les esp\u00e8ces, d\u00e9crit les paysages sous-marins, cartographie les fonds marins. Le GIS Posidonie \u00e9tudie les aires marines prot\u00e9g\u00e9es et les r\u00e9cifs artificiels comme outils de gestion des usages et de conservation du milieu c\u00f4tier. Le GIS Posidonie d\u00e9veloppe des outils et des m\u00e9thodes de surveillance de [&hellip;]<\/p>\n","protected":false},"author":4,"featured_media":0,"parent":0,"menu_order":0,"comment_status":"closed","ping_status":"closed","template":"","meta":{"footnotes":""},"class_list":["post-3862","page","type-page","status-publish","hentry"],"_links":{"self":[{"href":"https:\/\/gisposidonie.osupytheas.fr\/index.php?rest_route=\/wp\/v2\/pages\/3862","targetHints":{"allow":["GET"]}}],"collection":[{"href":"https:\/\/gisposidonie.osupytheas.fr\/index.php?rest_route=\/wp\/v2\/pages"}],"about":[{"href":"https:\/\/gisposidonie.osupytheas.fr\/index.php?rest_route=\/wp\/v2\/types\/page"}],"author":[{"embeddable":true,"href":"https:\/\/gisposidonie.osupytheas.fr\/index.php?rest_route=\/wp\/v2\/users\/4"}],"replies":[{"embeddable":true,"href":"https:\/\/gisposidonie.osupytheas.fr\/index.php?rest_route=%2Fwp%2Fv2%2Fcomments&post=3862"}],"version-history":[{"count":10,"href":"https:\/\/gisposidonie.osupytheas.fr\/index.php?rest_route=\/wp\/v2\/pages\/3862\/revisions"}],"predecessor-version":[{"id":4145,"href":"https:\/\/gisposidonie.osupytheas.fr\/index.php?rest_route=\/wp\/v2\/pages\/3862\/revisions\/4145"}],"wp:attachment":[{"href":"https:\/\/gisposidonie.osupytheas.fr\/index.php?rest_route=%2Fwp%2Fv2%2Fmedia&parent=3862"}],"curies":[{"name":"wp","href":"https:\/\/api.w.org\/{rel}","templated":true}]}}