{"id":4410,"date":"2025-04-17T07:49:53","date_gmt":"2025-04-17T06:49:53","guid":{"rendered":"https:\/\/gisposidonie.osupytheas.fr\/?page_id=4410"},"modified":"2025-04-17T09:07:33","modified_gmt":"2025-04-17T08:07:33","slug":"credit-dimpot-recherche","status":"publish","type":"page","link":"https:\/\/gisposidonie.osupytheas.fr\/?page_id=4410","title":{"rendered":"Cr\u00e9dit imp\u00f4t recherche"},"content":{"rendered":"\n<h3 style=\"text-align: justify;\"><span style=\"color: #4dab2e;\">Cr\u00e9dit imp\u00f4t recherche <\/span><\/h3>\n\n<p style=\"text-align: justify;\">Le GIS Posidonie s\u2019est vu accorder par le Ministre de l\u2019Enseignement sup\u00e9rieur et de la Recherche l\u2019agr\u00e9ment pr\u00e9vu au II d bis de l&rsquo;article 244 quater B du code g\u00e9n\u00e9ral des imp\u00f4ts pour les organismes de recherche priv\u00e9s au titre des ann\u00e9es 2024, 2025 et 2026.<\/p>\n\n<p style=\"text-align: justify;\">Le pr\u00e9sent agr\u00e9ment lui reconna\u00eet la capacit\u00e9 \u00e0 mener des travaux de R&#038;D pour le compte de donneurs d\u2019ordre. En cons\u00e9quence, certaines des op\u00e9rations confi\u00e9es au GIS Posidonie, peuvent permettre \u00e0 ses donneurs d\u2019ordre de d\u00e9clarer les montants des op\u00e9rations de R&#038;D \u00e9ligibles au cr\u00e9dit d\u2019imp\u00f4t recherche (CIR) conform\u00e9ment aux articles 244 quater B du code g\u00e9n\u00e9ral des imp\u00f4ts, 49 septies F et 49 septies M de son annexe III.<\/p>\n\n<p style=\"text-align: justify;\">Le GIS Posidonie figure dans la liste des organismes de recherche agr\u00e9\u00e9s au titre du CIR publi\u00e9e sur le site Internet du <a href=\"https:\/\/www.enseignementsup-recherche.gouv.fr\/fr\/cir-et-cii-liste-des-organismes-experts-bureaux-de-style-et-stylistes-agrees-46513\" alt=\"\" class=\"wp-image-3790\" target=\"_blank\" rel=\"noopener\"><strong>MESR.<\/strong><\/a><\/p>\n\n<p style=\"text-align: center;\"><a href=\"https:\/\/gisposidonie.osupytheas.fr\/wp-content\/uploads\/2025\/04\/logo-cir1_285602.png\" alt=\"\" class=\"wp-image-3790\" target=\"_blank\" rel=\"noopener\"><img loading=\"lazy\" decoding=\"async\" src=\"https:\/\/gisposidonie.osupytheas.fr\/wp-content\/uploads\/2025\/04\/logo-cir1_285602.png\" alt=\"\" class=\"wp-image-3790\" width=\"500\" height=\"250\"\/><\/a><\/figure><\/p><\/p>\n","protected":false},"excerpt":{"rendered":"<p>Cr\u00e9dit imp\u00f4t recherche Le GIS Posidonie s\u2019est vu accorder par le Ministre de l\u2019Enseignement sup\u00e9rieur et de la Recherche l\u2019agr\u00e9ment pr\u00e9vu au II d bis de l&rsquo;article 244 quater B du code g\u00e9n\u00e9ral des imp\u00f4ts pour les organismes de recherche priv\u00e9s au titre des ann\u00e9es 2024, 2025 et 2026. Le [&hellip;]<\/p>\n","protected":false},"author":4,"featured_media":0,"parent":0,"menu_order":0,"comment_status":"closed","ping_status":"closed","template":"","meta":{"footnotes":""},"class_list":["post-4410","page","type-page","status-publish","hentry"],"_links":{"self":[{"href":"https:\/\/gisposidonie.osupytheas.fr\/index.php?rest_route=\/wp\/v2\/pages\/4410","targetHints":{"allow":["GET"]}}],"collection":[{"href":"https:\/\/gisposidonie.osupytheas.fr\/index.php?rest_route=\/wp\/v2\/pages"}],"about":[{"href":"https:\/\/gisposidonie.osupytheas.fr\/index.php?rest_route=\/wp\/v2\/types\/page"}],"author":[{"embeddable":true,"href":"https:\/\/gisposidonie.osupytheas.fr\/index.php?rest_route=\/wp\/v2\/users\/4"}],"replies":[{"embeddable":true,"href":"https:\/\/gisposidonie.osupytheas.fr\/index.php?rest_route=%2Fwp%2Fv2%2Fcomments&post=4410"}],"version-history":[{"count":4,"href":"https:\/\/gisposidonie.osupytheas.fr\/index.php?rest_route=\/wp\/v2\/pages\/4410\/revisions"}],"predecessor-version":[{"id":4424,"href":"https:\/\/gisposidonie.osupytheas.fr\/index.php?rest_route=\/wp\/v2\/pages\/4410\/revisions\/4424"}],"wp:attachment":[{"href":"https:\/\/gisposidonie.osupytheas.fr\/index.php?rest_route=%2Fwp%2Fv2%2Fmedia&parent=4410"}],"curies":[{"name":"wp","href":"https:\/\/api.w.org\/{rel}","templated":true}]}}